{"id":607,"date":"2023-02-19T16:25:35","date_gmt":"2023-02-19T13:25:35","guid":{"rendered":"https:\/\/www.unaldi.com.tr\/?page_id=607"},"modified":"2023-11-08T15:20:45","modified_gmt":"2023-11-08T12:20:45","slug":"references","status":"publish","type":"page","link":"https:\/\/www.unaldi.com.tr\/en\/references\/","title":{"rendered":"References"},"content":{"rendered":"<div class=\"wpb_column vc_column_container vc_col-sm-4\">\n<div class=\"vc_column-inner \">\n<div class=\"wpb_wrapper\">\n<div class=\"wpb_text_column wpb_content_element \">\n<div class=\"wpb_wrapper\">\n<h1><strong>References<\/strong><\/h1>\n<p><strong>S.S. U\u015fak Pancar Ekicileri Kooperatifi Merkez sat\u0131\u015f ma\u011fazas\u0131 \/ U\u015fak<\/strong><\/p>\n<p><strong>S.S. U\u015fak Pancar Ekicileri Kooperatifi Salihli sat\u0131\u015f ma\u011fazas\u0131 \/ Salihli<\/strong><\/p>\n<p><strong>S.S. Burdur-Isparta Pancar Ekicileri Kooperatifi Isparta sat\u0131\u015f ma\u011fazas\u0131 \/ Isparta<\/strong><\/p>\n<p><strong>S.S. Burdur-Isparta Pancar Ekicileri Kooperatifi Senirkent sat\u0131\u015f ma\u011fazas\u0131 \/ Senirkent<\/strong><\/p>\n<p><strong>TAR\u0130\u015e \u00dcz\u00fcm Birli\u011fi Akhisar sat\u0131\u015f ma\u011fazas\u0131 \/ Akhisar<\/strong><\/p>\n<p><strong>TAR\u0130\u015e \u00dcz\u00fcm Birli\u011fi Ye\u015filyurt sat\u0131\u015f ma\u011fazas\u0131 \/ Ye\u015filyurt<\/strong><\/p>\n<p><strong>TAR\u0130\u015e \u00dcz\u00fcm Birli\u011fi Kavakl\u0131dere sat\u0131\u015f ma\u011fazas\u0131 \/ Kavakl\u0131dere<\/strong><\/p>\n<p><strong>TAR\u0130\u015e \u00dcz\u00fcm Birli\u011fi Ala\u015fehir sat\u0131\u015f ma\u011fazas\u0131 \/ Ala\u015fehir<\/strong><\/p>\n<p><strong>Sar\u0131g\u00f6l \u00dcz\u00fcm Tar\u0131m Sat\u0131\u015f Kooperatifi<\/strong><\/p>\n<p><strong>TAR\u0130\u015e \u00dcz\u00fcm Birli\u011fi Salihli sat\u0131\u015f ma\u011fazas\u0131 \/ Salihli<\/strong><\/p>\n<\/div>\n<\/div>\n<\/div>\n<\/div>\n<\/div>\n<div class=\"wpb_column vc_column_container vc_col-sm-4\">\n<div class=\"vc_column-inner \">\n<div class=\"wpb_wrapper\">\n<div class=\"wpb_text_column wpb_content_element \">\n<div class=\"wpb_wrapper\">\n<p><strong>\u00d6zg\u00f6rkey G\u0131da \u00dcr\u00fcnleri San. ve Tic. A.\u015e. \/ Torbal\u0131<\/strong><\/p>\n<p><strong>Atakey Patates G\u0131da San. Tic. A.\u015e.<\/strong><\/p>\n<p><strong>Merko G\u0131da San. Tic. A.\u015e.<\/strong><\/p>\n<p><strong>\u00d6ztar Tohumculuk ve Tar\u0131m \u00dcr\u00fcnleri \u00dcr. Ve Tic. A.\u015e. \/ Torbal\u0131<\/strong><\/p>\n<p><strong>Kemal Aki\u015f Varisleri \u00d6zlem Tar\u0131m i\u015fletmeleri \/ Salihli<\/strong><\/p>\n<p><strong>Rafet Saygan \u2013 Saygan Tar\u0131m \/ Ye\u015fil\u00e7iftlik<\/strong><\/p>\n<p><strong>G\u00f6k Tar\u0131m \u00dcr\u00fcnleri Tic. Ltd. \u015eti \/ Osmaniye<\/strong><\/p>\n<p><strong>Faydal\u0131 Tar\u0131m E\u011firdir<\/strong><\/p>\n<p><strong>Karako\u00e7 Satsuma Tar\u0131m \u00dcr\u00fcnleri Ltd. \u015eti. \/ Seferihisar<\/strong><\/p>\n<p><strong>BAPA G\u0131da Ltd. \u015eti. \/ Torbal\u0131<\/strong><\/p>\n<\/div>\n<\/div>\n<\/div>\n<\/div>\n<\/div>\n<div class=\"wpb_column vc_column_container vc_col-sm-4\">\n<div class=\"vc_column-inner \">\n<div class=\"wpb_wrapper\">\n<div class=\"wpb_text_column wpb_content_element \">\n<div class=\"wpb_wrapper\">\n<p><strong>F.N. Tar\u0131m \u00dcr\u00fcnleri Tur. San. ve Tic. Ltd. \u015eti. \/ Kemalpa\u015fa<\/strong><\/p>\n<p><strong>Karaosmano\u011flu \u00c7iftli\u011fi \/ Salihli<\/strong><\/p>\n<p><strong>Mehmet \u0130ZM\u0130RL\u0130O\u011eLU \/ Salihli<\/strong><\/p>\n<p><strong>Hasan ATA \/ Ye\u015filyurt<\/strong><\/p>\n<p><strong>Ahmet G\u00dcRLEK \/ Salihli<\/strong><\/p>\n<p><strong>A. R\u0131za YILDIRIM \/ E\u015fme<\/strong><\/p>\n<p><strong>Emin DEM\u0130RC\u0130 \/ Akhisar<\/strong><\/p>\n<p><strong>Mehmet G\u00dcRKAYA \/ Kavakl\u0131dere<\/strong><\/p>\n<p><strong>\u0130smail ERK\u0130RAZ \/ Akhisar<\/strong><\/p>\n<p><strong>Selahattin ERT\u00dcRK \/ Ala\u015fehir<\/strong><\/p>\n<\/div>\n<\/div>\n<\/div>\n<\/div>\n<\/div>\n","protected":false},"excerpt":{"rendered":"<p>References S.S. U\u015fak Pancar Ekicileri Kooperatifi Merkez sat\u0131\u015f ma\u011fazas\u0131 \/ U\u015fak S.S. U\u015fak Pancar Ekicileri Kooperatifi Salihli sat\u0131\u015f ma\u011fazas\u0131 \/ Salihli S.S. Burdur-Isparta Pancar Ekicileri Kooperatifi Isparta sat\u0131\u015f ma\u011fazas\u0131 \/ Isparta S.S. Burdur-Isparta Pancar Ekicileri Kooperatifi Senirkent sat\u0131\u015f ma\u011fazas\u0131 \/ Senirkent TAR\u0130\u015e \u00dcz\u00fcm Birli\u011fi Akhisar sat\u0131\u015f ma\u011fazas\u0131 \/ Akhisar TAR\u0130\u015e \u00dcz\u00fcm Birli\u011fi Ye\u015filyurt sat\u0131\u015f ma\u011fazas\u0131 [&#8230;]\n","protected":false},"author":1,"featured_media":0,"parent":0,"menu_order":0,"comment_status":"closed","ping_status":"closed","template":"","meta":{"footnotes":""},"class_list":["post-607","page","type-page","status-publish","hentry"],"_links":{"self":[{"href":"https:\/\/www.unaldi.com.tr\/en\/wp-json\/wp\/v2\/pages\/607","targetHints":{"allow":["GET"]}}],"collection":[{"href":"https:\/\/www.unaldi.com.tr\/en\/wp-json\/wp\/v2\/pages"}],"about":[{"href":"https:\/\/www.unaldi.com.tr\/en\/wp-json\/wp\/v2\/types\/page"}],"author":[{"embeddable":true,"href":"https:\/\/www.unaldi.com.tr\/en\/wp-json\/wp\/v2\/users\/1"}],"replies":[{"embeddable":true,"href":"https:\/\/www.unaldi.com.tr\/en\/wp-json\/wp\/v2\/comments?post=607"}],"version-history":[{"count":1,"href":"https:\/\/www.unaldi.com.tr\/en\/wp-json\/wp\/v2\/pages\/607\/revisions"}],"predecessor-version":[{"id":608,"href":"https:\/\/www.unaldi.com.tr\/en\/wp-json\/wp\/v2\/pages\/607\/revisions\/608"}],"wp:attachment":[{"href":"https:\/\/www.unaldi.com.tr\/en\/wp-json\/wp\/v2\/media?parent=607"}],"curies":[{"name":"wp","href":"https:\/\/api.w.org\/{rel}","templated":true}]}}